{"id":1590,"date":"2023-01-11T10:27:08","date_gmt":"2023-01-11T09:27:08","guid":{"rendered":"https:\/\/les-saveurs-du-moulin.com\/?post_type=product&#038;p=1590"},"modified":"2025-12-22T08:16:13","modified_gmt":"2025-12-22T07:16:13","slug":"magret-de-canard-seche-entier-300g","status":"publish","type":"product","link":"https:\/\/les-saveurs-du-moulin.com\/?product=magret-de-canard-seche-entier-300g","title":{"rendered":"Magret de canard s\u00e9ch\u00e9 (entier) 300g"},"content":{"rendered":"<p><strong>Conseils de conservation<\/strong><br \/>\nDLC (date limite de conservation) : 3 mois<br \/>\nA consommer de pr\u00e9f\u00e9rence avant la date figurant sur l&rsquo;\u00e9tiquette.<br \/>\nA conserver au r\u00e9frig\u00e9rateur (0\u00b0C et +4\u00b0C).<\/p>\n<p><strong>Accompagnements propos\u00e9s<br \/>\n<\/strong>Vous pouvez l\u2019accompagner d\u2019un bon verre de vin rouge comme nos C\u00f4tes de Gascogne.<\/p>\n<p><strong>Informations compl\u00e9mentaires<\/strong><br \/>\nTous nos produits sont \u00e9labor\u00e9s sans colorant ni conservateurs ni additifs.<br \/>\nNous les confectionnons \u00e0 100% sur notre ferme \u00e0 Sainte M\u00e8re dans le Gers dans l&rsquo;amour de nos traditions gasconnes.<\/p>\n","protected":false},"excerpt":{"rendered":"<p>Le magret de canard est s\u00e9ch\u00e9 comme un jambon.<\/p>\n<p><strong>Comment le servir?<\/strong><\/p>\n<p>Vous pouvez le servir \u00e0 l\u2019ap\u00e9ritif ou sur une salade.<\/p>\n<p><strong>P<\/strong><strong>oids<\/strong> : 300g<br \/>\n<strong>Prix aux 100g<\/strong> : 6.00\u20ac<br \/>\n<strong>Nombre de parts<\/strong> : 12-18 parts<br \/>\n<strong>Ingr\u00e9dients<\/strong>\u00a0: Magret de canard sel et poivre.<\/p>\n","protected":false},"featured_media":1660,"template":"","meta":{"_et_pb_use_builder":"","_et_pb_old_content":"","_et_gb_content_width":""},"product_brand":[],"product_cat":[25],"product_tag":[],"class_list":{"0":"post-1590","1":"product","2":"type-product","3":"status-publish","4":"has-post-thumbnail","6":"product_cat-entrees","8":"first","9":"outofstock","10":"taxable","11":"shipping-taxable","12":"purchasable","13":"product-type-simple"},"_links":{"self":[{"href":"https:\/\/les-saveurs-du-moulin.com\/index.php?rest_route=\/wp\/v2\/product\/1590","targetHints":{"allow":["GET"]}}],"collection":[{"href":"https:\/\/les-saveurs-du-moulin.com\/index.php?rest_route=\/wp\/v2\/product"}],"about":[{"href":"https:\/\/les-saveurs-du-moulin.com\/index.php?rest_route=\/wp\/v2\/types\/product"}],"wp:featuredmedia":[{"embeddable":true,"href":"https:\/\/les-saveurs-du-moulin.com\/index.php?rest_route=\/wp\/v2\/media\/1660"}],"wp:attachment":[{"href":"https:\/\/les-saveurs-du-moulin.com\/index.php?rest_route=%2Fwp%2Fv2%2Fmedia&parent=1590"}],"wp:term":[{"taxonomy":"product_brand","embeddable":true,"href":"https:\/\/les-saveurs-du-moulin.com\/index.php?rest_route=%2Fwp%2Fv2%2Fproduct_brand&post=1590"},{"taxonomy":"product_cat","embeddable":true,"href":"https:\/\/les-saveurs-du-moulin.com\/index.php?rest_route=%2Fwp%2Fv2%2Fproduct_cat&post=1590"},{"taxonomy":"product_tag","embeddable":true,"href":"https:\/\/les-saveurs-du-moulin.com\/index.php?rest_route=%2Fwp%2Fv2%2Fproduct_tag&post=1590"}],"curies":[{"name":"wp","href":"https:\/\/api.w.org\/{rel}","templated":true}]}}