{"id":1584,"date":"2023-01-11T10:11:17","date_gmt":"2023-01-11T09:11:17","guid":{"rendered":"https:\/\/les-saveurs-du-moulin.com\/?post_type=product&#038;p=1584"},"modified":"2025-10-22T12:04:15","modified_gmt":"2025-10-22T10:04:15","slug":"pate-de-canard","status":"publish","type":"product","link":"https:\/\/les-saveurs-du-moulin.com\/?product=pate-de-canard","title":{"rendered":"P\u00e2t\u00e9 de canard"},"content":{"rendered":"<p><strong>Conseils de conservation<\/strong><br \/>\nDLC (date limite de conservation) : 3 ans<br \/>\nA consommer de pr\u00e9f\u00e9rence avant la date figurant sur la boite.<br \/>\nA conserver dans un endroit frais et sec. Apr\u00e8s ouverture, mettre au r\u00e9frig\u00e9rateur (0\u00b0C et +4\u00b0C) maximum 2 \u00e0 3j.<\/p>\n<p><strong>Accompagnements propos\u00e9s<br \/>\n<\/strong>Vous pouvez l\u2019accompagner d\u2019un bon verre de vin rouge comme nos C\u00f4tes de Gascogne.<\/p>\n<p><strong>Informations compl\u00e9mentaires<\/strong><br \/>\nTous nos produits sont \u00e9labor\u00e9s sans colorant ni conservateurs ni additifs.<br \/>\nNous les confectionnons \u00e0 100% sur notre ferme \u00e0 Sainte M\u00e8re dans le Gers dans l&rsquo;amour de nos traditions gasconnes.<\/p>\n","protected":false},"excerpt":{"rendered":"<p>Le p\u00e2t\u00e9 de canard parfum\u00e9 avec une pointe d\u2019ail et d\u2019\u00e9chalote ressemble \u00e0 un p\u00e2t\u00e9 de campagne.<\/p>\n<p><strong>Comment le servir ?<\/strong><\/p>\n<p>Accompagn\u00e9 de cornichons, ce p\u00e2t\u00e9 de canard fera une bonne entr\u00e9e ou un bon pique nique.<\/p>\n<p><strong>P<\/strong><strong>oids<\/strong>\u00a0: 190g<br \/>\n<strong>Prix aux 100g<\/strong> : 2.79\u20ac<br \/>\n<strong>Nombre de parts<\/strong>\u00a0: 3-4 parts<br \/>\n<strong>Ingr\u00e9dients<\/strong>\u00a0: Viande de canard 48%, viande et gras de porc, <strong>\u0153ufs, lait,<\/strong> \u00e9chalote, ail, sel, poivre.<\/p>\n","protected":false},"featured_media":1585,"template":"","meta":{"_et_pb_use_builder":"","_et_pb_old_content":"","_et_gb_content_width":""},"product_brand":[],"product_cat":[25],"product_tag":[],"class_list":{"0":"post-1584","1":"product","2":"type-product","3":"status-publish","4":"has-post-thumbnail","6":"product_cat-entrees","8":"first","9":"instock","10":"taxable","11":"shipping-taxable","12":"purchasable","13":"product-type-simple"},"_links":{"self":[{"href":"https:\/\/les-saveurs-du-moulin.com\/index.php?rest_route=\/wp\/v2\/product\/1584","targetHints":{"allow":["GET"]}}],"collection":[{"href":"https:\/\/les-saveurs-du-moulin.com\/index.php?rest_route=\/wp\/v2\/product"}],"about":[{"href":"https:\/\/les-saveurs-du-moulin.com\/index.php?rest_route=\/wp\/v2\/types\/product"}],"wp:featuredmedia":[{"embeddable":true,"href":"https:\/\/les-saveurs-du-moulin.com\/index.php?rest_route=\/wp\/v2\/media\/1585"}],"wp:attachment":[{"href":"https:\/\/les-saveurs-du-moulin.com\/index.php?rest_route=%2Fwp%2Fv2%2Fmedia&parent=1584"}],"wp:term":[{"taxonomy":"product_brand","embeddable":true,"href":"https:\/\/les-saveurs-du-moulin.com\/index.php?rest_route=%2Fwp%2Fv2%2Fproduct_brand&post=1584"},{"taxonomy":"product_cat","embeddable":true,"href":"https:\/\/les-saveurs-du-moulin.com\/index.php?rest_route=%2Fwp%2Fv2%2Fproduct_cat&post=1584"},{"taxonomy":"product_tag","embeddable":true,"href":"https:\/\/les-saveurs-du-moulin.com\/index.php?rest_route=%2Fwp%2Fv2%2Fproduct_tag&post=1584"}],"curies":[{"name":"wp","href":"https:\/\/api.w.org\/{rel}","templated":true}]}}