{"id":1574,"date":"2023-01-11T09:47:10","date_gmt":"2023-01-11T08:47:10","guid":{"rendered":"https:\/\/les-saveurs-du-moulin.com\/?post_type=product&#038;p=1574"},"modified":"2024-10-08T10:32:16","modified_gmt":"2024-10-08T08:32:16","slug":"coeurs-fourres-au-foie-gras-foie-gras-25","status":"publish","type":"product","link":"https:\/\/les-saveurs-du-moulin.com\/?product=coeurs-fourres-au-foie-gras-foie-gras-25","title":{"rendered":"Coeurs fourr\u00e9s au foie gras (Foie gras 25%)"},"content":{"rendered":"<p><strong>Conseils de conservation<\/strong><br \/>\nDLC (date limite de conservation) : 3 ans<br \/>\nA consommer de pr\u00e9f\u00e9rence avant la date figurant sur la boite.<br \/>\nA conserver dans un endroit frais et sec. Apr\u00e8s ouverture, mettre au r\u00e9frig\u00e9rateur (0\u00b0C et +4\u00b0C) maximum 2 \u00e0 3j.<\/p>\n<p><strong>Accompagnements propos\u00e9s<br \/>\n<\/strong>Vous pouvez l\u2019accompagner d\u2019un bon verre de vin blanc moelleux comme nos C\u00f4tes de Gascogne ou d&rsquo;un Floc de Gascogne blanc (ap\u00e9ritif local) servi tr\u00e8s frais.<\/p>\n<p><strong>Informations compl\u00e9mentaires<\/strong><br \/>\nTous nos produits sont \u00e9labor\u00e9s sans colorant ni conservateurs ni additifs.<br \/>\nNous les confectionnons \u00e0 100% sur notre ferme \u00e0 Sainte M\u00e8re dans le Gers dans l&rsquo;amour de nos traditions gasconnes.<\/p>\n","protected":false},"excerpt":{"rendered":"<p>Les c\u0153urs de canard ont \u00e9t\u00e9 fourr\u00e9s avec du foie gras pour cr\u00e9er une entr\u00e9e remarquable du point de vue esth\u00e9tique et gustatif.<\/p>\n<p><strong>Comment le servir ?<\/strong><\/p>\n<p>Vous pouvez servir les c\u0153urs de canard fourr\u00e9s au foie gras coup\u00e9s en 2 et dispos\u00e9s sur une salade de m\u00e2che. Vous pouvez \u00e9galement les couper en tranches et les servir sur des toasts \u00e0 l\u2019ap\u00e9ritif.<\/p>\n<p><strong>P<\/strong><strong>oids<\/strong> : 200g<br \/>\n<strong>Prix aux 100g<\/strong> : 4.85\u20ac<br \/>\n<strong>Nombre de parts<\/strong> : 3-4 parts<br \/>\n<strong>Ingr\u00e9dients<\/strong> :\u00a0C\u0153urs de canard, foie gras de canard 25%, sel, poivre.<\/p>\n","protected":false},"featured_media":1575,"template":"","meta":{"_et_pb_use_builder":"","_et_pb_old_content":"","_et_gb_content_width":""},"product_brand":[],"product_cat":[25],"product_tag":[],"class_list":{"0":"post-1574","1":"product","2":"type-product","3":"status-publish","4":"has-post-thumbnail","6":"product_cat-entrees","8":"first","9":"instock","10":"taxable","11":"shipping-taxable","12":"purchasable","13":"product-type-simple"},"_links":{"self":[{"href":"https:\/\/les-saveurs-du-moulin.com\/index.php?rest_route=\/wp\/v2\/product\/1574","targetHints":{"allow":["GET"]}}],"collection":[{"href":"https:\/\/les-saveurs-du-moulin.com\/index.php?rest_route=\/wp\/v2\/product"}],"about":[{"href":"https:\/\/les-saveurs-du-moulin.com\/index.php?rest_route=\/wp\/v2\/types\/product"}],"wp:featuredmedia":[{"embeddable":true,"href":"https:\/\/les-saveurs-du-moulin.com\/index.php?rest_route=\/wp\/v2\/media\/1575"}],"wp:attachment":[{"href":"https:\/\/les-saveurs-du-moulin.com\/index.php?rest_route=%2Fwp%2Fv2%2Fmedia&parent=1574"}],"wp:term":[{"taxonomy":"product_brand","embeddable":true,"href":"https:\/\/les-saveurs-du-moulin.com\/index.php?rest_route=%2Fwp%2Fv2%2Fproduct_brand&post=1574"},{"taxonomy":"product_cat","embeddable":true,"href":"https:\/\/les-saveurs-du-moulin.com\/index.php?rest_route=%2Fwp%2Fv2%2Fproduct_cat&post=1574"},{"taxonomy":"product_tag","embeddable":true,"href":"https:\/\/les-saveurs-du-moulin.com\/index.php?rest_route=%2Fwp%2Fv2%2Fproduct_tag&post=1574"}],"curies":[{"name":"wp","href":"https:\/\/api.w.org\/{rel}","templated":true}]}}