{"id":1508,"date":"2022-12-26T17:51:50","date_gmt":"2022-12-26T16:51:50","guid":{"rendered":"https:\/\/les-saveurs-du-moulin.com\/?post_type=product&#038;p=1508"},"modified":"2024-10-08T10:33:57","modified_gmt":"2024-10-08T08:33:57","slug":"cou-farci-au-foie-gras-foie-gras-20-300g","status":"publish","type":"product","link":"https:\/\/les-saveurs-du-moulin.com\/?product=cou-farci-au-foie-gras-foie-gras-20-300g","title":{"rendered":"Cou farci au foie gras (Foie gras 20%)"},"content":{"rendered":"<p><strong><span style=\"vertical-align: inherit\"><span style=\"vertical-align: inherit\">Conseils de conservation<\/span><\/span><\/strong><br \/>\n<span style=\"vertical-align: inherit\"><span style=\"vertical-align: inherit\"> DLC (date limite de conservation) : 3 ans <\/span><\/span><br \/>\n<span style=\"vertical-align: inherit\"><span style=\"vertical-align: inherit\">A consommer de pr\u00e9f\u00e9rence avant la date figurant sur la boite. <\/span><\/span><br \/>\n<span style=\"vertical-align: inherit\"><span style=\"vertical-align: inherit\">A conserver dans un endroit frais et sec. <\/span><span style=\"vertical-align: inherit\">Apr\u00e8s ouverture, mettre au r\u00e9frig\u00e9rateur (0\u00b0C et +4\u00b0C) maximum 2 \u00e0 3j.<\/span><\/span><\/p>\n<p><strong><span style=\"vertical-align: inherit\"><span style=\"vertical-align: inherit\">Accompagnements propos\u00e9s<\/span><\/span><br \/>\n<\/strong><span style=\"vertical-align: inherit\"><span style=\"vertical-align: inherit\"> Vous pouvez l&rsquo;accompagner d&rsquo;un bon verre de vin blanc moelleux comme nos C\u00f4tes de Gascogne ou d&rsquo;un Floc de Gascogne blanc (ap\u00e9ritif local) servi tr\u00e8s frais.<\/span><\/span><\/p>\n<p><strong><span style=\"vertical-align: inherit\"><span style=\"vertical-align: inherit\">Informations compl\u00e9mentaires<\/span><\/span><\/strong><br \/>\n<span style=\"vertical-align: inherit\"><span style=\"vertical-align: inherit\"> Tous nos produits sont \u00e9labor\u00e9s sans colorant ni conservateurs ni additifs. <\/span><\/span><br \/>\n<span style=\"vertical-align: inherit\"><span style=\"vertical-align: inherit\">Nous les confectionnons \u00e0 100% sur notre ferme \u00e0 Sainte M\u00e8re dans le Gers dans l&rsquo;amour de nos traditions gasconnes.<\/span><\/span><\/p>\n","protected":false},"excerpt":{"rendered":"<p><span style=\"vertical-align: inherit\"><span style=\"vertical-align: inherit\">Ce plat traditionnel du Sud Ouest \u00e9tait autrefois servi sans foie gras. <\/span><span style=\"vertical-align: inherit\">Aujourd&rsquo;hui, cette entr\u00e9e froide garnie de foie gras est appr\u00e9ci\u00e9e des gourmets. <\/span><span style=\"vertical-align: inherit\">La peau du cou de canard que nous remplissons avec la farce et le foie gras apporte saveur et onctuosit\u00e9 \u00e0 ce produit.<\/span><\/span><\/p>\n<p><span style=\"vertical-align: inherit\"><span style=\"vertical-align: inherit\">Les cous farcis sont cuisin\u00e9s dans notre conservation aux normes europ\u00e9ennes qui en assurent la tra\u00e7abilit\u00e9.<\/span><\/span><\/p>\n<p><strong><span style=\"vertical-align: inherit\"><span style=\"vertical-align: inherit\">Comment servir ? <\/span><\/span><br \/>\n<\/strong><span style=\"vertical-align: inherit\"><span style=\"vertical-align: inherit\">Les tranches de cou de canard farci au foie gras salade accompagneront tr\u00e8s bien vos gasconnes <\/span><\/span><br \/>\n<span style=\"vertical-align: inherit\"><span style=\"vertical-align: inherit\">Pr\u00e9voir 2 tranches par personne. <\/span><\/span><br \/>\n<span style=\"vertical-align: inherit\"><span style=\"vertical-align: inherit\">Placer la bo\u00eete au r\u00e9frig\u00e9rateur 12h avant de servir. <\/span><\/span><br \/>\n<span style=\"vertical-align: inherit\"><span style=\"vertical-align: inherit\">Ouvrir les 2 bouts et faire glisser le cou farci, d\u00e9graisser d\u00e9licatement avec la pointe d&rsquo;un couteau. <\/span><span style=\"vertical-align: inherit\">Couper en tranches fines avec une lame chaude. <\/span><\/span><br \/>\n<span style=\"vertical-align: inherit\"><span style=\"vertical-align: inherit\">A l&rsquo;ap\u00e9ritif, de fines tranches de cous farcis au foie gras dispos\u00e9es sur des toasts seront appr\u00e9ci\u00e9es. <\/span><\/span><br \/>\n<span style=\"vertical-align: inherit\"><span style=\"vertical-align: inherit\">En entr\u00e9e, plac\u00e9es sur un lit de salade, les tranches de cous farcis au foie gras, raviront les yeux et les papilles de vos invit\u00e9s.<\/span><\/span><\/p>\n<p><strong><span style=\"vertical-align: inherit\"><span style=\"vertical-align: inherit\">Poids<\/span><\/span><\/strong><span style=\"vertical-align: inherit\"><span style=\"vertical-align: inherit\"> : 300g<\/span><\/span><strong><span style=\"vertical-align: inherit\"><span style=\"vertical-align: inherit\"><br \/>\n<\/span><\/span><\/strong><strong><span style=\"vertical-align: inherit\"><span style=\"vertical-align: inherit\">Prix \u200b\u200baux 100g<\/span><\/span><\/strong><span style=\"vertical-align: inherit\"><span style=\"vertical-align: inherit\"> : 4.83\u20ac <\/span><\/span><br \/>\n<strong><span style=\"vertical-align: inherit\"><span style=\"vertical-align: inherit\">Nombre de parts<\/span><\/span><\/strong><span style=\"vertical-align: inherit\"><span style=\"vertical-align: inherit\"> : 8-10 parts <\/span><\/span><br \/>\n<strong><span style=\"vertical-align: inherit\"><span style=\"vertical-align: inherit\">Ingr\u00e9dients<\/span><\/span><\/strong><span style=\"vertical-align: inherit\"><span style=\"vertical-align: inherit\"> : Farce (viande de canard 40%, viande de porc, <\/span><\/span><strong><span style=\"vertical-align: inherit\"><span style=\"vertical-align: inherit\">oeufs, lait<\/span><\/span><\/strong><span style=\"vertical-align: inherit\"><span style=\"vertical-align: inherit\"> , sel et poivre), foie gras de canard 20%, peau de canard.<\/span><\/span><\/p>\n","protected":false},"featured_media":1509,"template":"","meta":{"_et_pb_use_builder":"","_et_pb_old_content":"","_et_gb_content_width":""},"product_brand":[],"product_cat":[25],"product_tag":[],"class_list":{"0":"post-1508","1":"product","2":"type-product","3":"status-publish","4":"has-post-thumbnail","6":"product_cat-entrees","8":"first","9":"instock","10":"taxable","11":"shipping-taxable","12":"purchasable","13":"product-type-simple"},"_links":{"self":[{"href":"https:\/\/les-saveurs-du-moulin.com\/index.php?rest_route=\/wp\/v2\/product\/1508","targetHints":{"allow":["GET"]}}],"collection":[{"href":"https:\/\/les-saveurs-du-moulin.com\/index.php?rest_route=\/wp\/v2\/product"}],"about":[{"href":"https:\/\/les-saveurs-du-moulin.com\/index.php?rest_route=\/wp\/v2\/types\/product"}],"wp:featuredmedia":[{"embeddable":true,"href":"https:\/\/les-saveurs-du-moulin.com\/index.php?rest_route=\/wp\/v2\/media\/1509"}],"wp:attachment":[{"href":"https:\/\/les-saveurs-du-moulin.com\/index.php?rest_route=%2Fwp%2Fv2%2Fmedia&parent=1508"}],"wp:term":[{"taxonomy":"product_brand","embeddable":true,"href":"https:\/\/les-saveurs-du-moulin.com\/index.php?rest_route=%2Fwp%2Fv2%2Fproduct_brand&post=1508"},{"taxonomy":"product_cat","embeddable":true,"href":"https:\/\/les-saveurs-du-moulin.com\/index.php?rest_route=%2Fwp%2Fv2%2Fproduct_cat&post=1508"},{"taxonomy":"product_tag","embeddable":true,"href":"https:\/\/les-saveurs-du-moulin.com\/index.php?rest_route=%2Fwp%2Fv2%2Fproduct_tag&post=1508"}],"curies":[{"name":"wp","href":"https:\/\/api.w.org\/{rel}","templated":true}]}}