{"id":1495,"date":"2022-12-23T17:22:07","date_gmt":"2022-12-23T16:22:07","guid":{"rendered":"https:\/\/les-saveurs-du-moulin.com\/?post_type=product&#038;p=1495"},"modified":"2025-10-22T12:06:40","modified_gmt":"2025-10-22T10:06:40","slug":"cassoulet-confit","status":"publish","type":"product","link":"https:\/\/les-saveurs-du-moulin.com\/?product=cassoulet-confit","title":{"rendered":"Cassoulet au confit de canard"},"content":{"rendered":"<p><strong><span style=\"vertical-align: inherit\"><span style=\"vertical-align: inherit\">Conseils de conservation<\/span><\/span><\/strong><br \/>\n<span style=\"vertical-align: inherit\"><span style=\"vertical-align: inherit\"> DLC (date limite de conservation) : 3 ans <\/span><\/span><br \/>\n<span style=\"vertical-align: inherit\"><span style=\"vertical-align: inherit\">A consommer de pr\u00e9f\u00e9rence avant la date figurant sur le bocal. <\/span><\/span><br \/>\n<span style=\"vertical-align: inherit\"><span style=\"vertical-align: inherit\">A conserver dans un endroit frais et sec. <\/span><span style=\"vertical-align: inherit\">Apr\u00e8s ouverture, mettre au r\u00e9frig\u00e9rateur (0\u00b0C et +4\u00b0C) maximum 2 \u00e0 3j.<\/span><\/span><\/p>\n<p><strong><span style=\"vertical-align: inherit\"><span style=\"vertical-align: inherit\">Accompagnements propos\u00e9s<\/span><\/span><br \/>\n<\/strong><span style=\"vertical-align: inherit\"><span style=\"vertical-align: inherit\"> Vous pouvez l&rsquo;accompagner d&rsquo;un bon verre de vin rouge comme nos C\u00f4tes de Gascogne.<\/span><\/span><\/p>\n<p><strong><span style=\"vertical-align: inherit\"><span style=\"vertical-align: inherit\">Informations compl\u00e9mentaires<\/span><\/span><\/strong><br \/>\n<span style=\"vertical-align: inherit\"><span style=\"vertical-align: inherit\"> Tous nos produits sont \u00e9labor\u00e9s sans colorant ni conservateurs ni additifs. <\/span><\/span><br \/>\n<span style=\"vertical-align: inherit\"><span style=\"vertical-align: inherit\">Nous les confectionnons \u00e0 100% sur notre ferme \u00e0 Sainte M\u00e8re dans le Gers dans l&rsquo;amour de nos traditions gasconnes.<\/span><\/span><\/p>\n","protected":false},"excerpt":{"rendered":"<p><span style=\"vertical-align: inherit\"><span style=\"vertical-align: inherit\">Le cassoulet est une sp\u00e9cialit\u00e9 r\u00e9gionale \u00e0 base de haricots secs et de viande, en l&rsquo;occurrence chez nous de confit de canard et de saucisse de porc. <\/span><span style=\"vertical-align: inherit\">Il tient son nom de la cassole en terre cuite dans laquelle il est servi. <\/span><span style=\"vertical-align: inherit\">Nous pr\u00e9parons notre cassoulet avec des haricots lingots, des morceaux de confit de canard, de la saucisse de porc auquel nous ajoutons un bouillon mijot\u00e9 avec des carcasses de canards.<\/span><\/span><\/p>\n<p><strong><span style=\"vertical-align: inherit\"><span style=\"vertical-align: inherit\">Comment servir ? <\/span><\/span><br \/>\n<\/strong><span style=\"vertical-align: inherit\"><span style=\"vertical-align: inherit\">Vous r\u00e9chauffez le cassoulet recouvert de chapelure dans une cassole (plat en terre cuite) au four.<\/span><\/span><\/p>\n<p><strong><span style=\"vertical-align: inherit\"><span style=\"vertical-align: inherit\">Poids<\/span><\/span><\/strong><span style=\"vertical-align: inherit\"><span style=\"vertical-align: inherit\"> : <\/span><\/span><span style=\"vertical-align: inherit\"><span style=\"vertical-align: inherit\">800g<\/span><\/span><br \/>\n<strong><span style=\"vertical-align: inherit\"><span style=\"vertical-align: inherit\">Prix \u200b\u200baux 100g<\/span><\/span><\/strong><span style=\"vertical-align: inherit\"><span style=\"vertical-align: inherit\"> : 1.84\u20ac <\/span><\/span><br \/>\n<strong><span style=\"vertical-align: inherit\"><span style=\"vertical-align: inherit\">Nombre de parts<\/span><\/span><\/strong><span style=\"vertical-align: inherit\"><span style=\"vertical-align: inherit\"> : 2-3 parts <\/span><\/span><br \/>\n<strong><span style=\"vertical-align: inherit\"><span style=\"vertical-align: inherit\">Ingr\u00e9dients<\/span><\/span><\/strong><span style=\"vertical-align: inherit\"><span style=\"vertical-align: inherit\"> : Haricots 56%, confit de canard 25%, saucisse pur porc (viande et gras de porc) 10%, bouillon (eau, carottes, oignons, poireaux, pur\u00e9e de tomates, sel, poivre), carottes<\/span><\/span><\/p>\n","protected":false},"featured_media":1496,"template":"","meta":{"_et_pb_use_builder":"","_et_pb_old_content":"","_et_gb_content_width":""},"product_brand":[],"product_cat":[24],"product_tag":[],"class_list":{"0":"post-1495","1":"product","2":"type-product","3":"status-publish","4":"has-post-thumbnail","6":"product_cat-plats-cuisines","8":"first","9":"instock","10":"taxable","11":"shipping-taxable","12":"purchasable","13":"product-type-simple"},"_links":{"self":[{"href":"https:\/\/les-saveurs-du-moulin.com\/index.php?rest_route=\/wp\/v2\/product\/1495","targetHints":{"allow":["GET"]}}],"collection":[{"href":"https:\/\/les-saveurs-du-moulin.com\/index.php?rest_route=\/wp\/v2\/product"}],"about":[{"href":"https:\/\/les-saveurs-du-moulin.com\/index.php?rest_route=\/wp\/v2\/types\/product"}],"wp:featuredmedia":[{"embeddable":true,"href":"https:\/\/les-saveurs-du-moulin.com\/index.php?rest_route=\/wp\/v2\/media\/1496"}],"wp:attachment":[{"href":"https:\/\/les-saveurs-du-moulin.com\/index.php?rest_route=%2Fwp%2Fv2%2Fmedia&parent=1495"}],"wp:term":[{"taxonomy":"product_brand","embeddable":true,"href":"https:\/\/les-saveurs-du-moulin.com\/index.php?rest_route=%2Fwp%2Fv2%2Fproduct_brand&post=1495"},{"taxonomy":"product_cat","embeddable":true,"href":"https:\/\/les-saveurs-du-moulin.com\/index.php?rest_route=%2Fwp%2Fv2%2Fproduct_cat&post=1495"},{"taxonomy":"product_tag","embeddable":true,"href":"https:\/\/les-saveurs-du-moulin.com\/index.php?rest_route=%2Fwp%2Fv2%2Fproduct_tag&post=1495"}],"curies":[{"name":"wp","href":"https:\/\/api.w.org\/{rel}","templated":true}]}}