{"id":1483,"date":"2022-12-21T15:57:54","date_gmt":"2022-12-21T14:57:54","guid":{"rendered":"https:\/\/les-saveurs-du-moulin.com\/?post_type=product&#038;p=1483"},"modified":"2023-03-22T12:00:40","modified_gmt":"2023-03-22T11:00:40","slug":"canard-pruneaux","status":"publish","type":"product","link":"https:\/\/les-saveurs-du-moulin.com\/?product=canard-pruneaux","title":{"rendered":"Canard aux pruneaux (800g)"},"content":{"rendered":"<p><strong>Conseils de conservation<\/strong><br \/>\nDLC (date limite de conservation) : 3 ans<br \/>\nA consommer de pr\u00e9f\u00e9rence avant la date figurant sur le bocal.<br \/>\nA conserver dans un endroit frais et sec. Apr\u00e8s ouverture, mettre au r\u00e9frig\u00e9rateur (0\u00b0C et +4\u00b0C) maximum 2 \u00e0 3j.<\/p>\n<p><strong>Accompagnements propos\u00e9s<br \/>\n<\/strong>Vous pouvez l\u2019accompagner d\u2019un bon verre de vin rouge comme nos C\u00f4tes de Gascogne.<\/p>\n<p><strong>Informations compl\u00e9mentaires<\/strong><br \/>\nTous nos produits sont \u00e9labor\u00e9s sans colorant ni conservateurs ni additifs.<br \/>\nNous les confectionnons \u00e0 100% sur notre ferme \u00e0 Sainte M\u00e8re dans le Gers dans l&rsquo;amour de nos traditions gasconnes.<\/p>\n","protected":false},"excerpt":{"rendered":"<p>Le canard aux pruneaux associe des saveurs de notre r\u00e9gion : confit de canard, pruneaux d\u2019Agen mac\u00e9r\u00e9s dans l\u2019armagnac et un vin blanc gersois : le Pacherenc.<\/p>\n<p><strong>Comment le servir ?<br \/>\n<\/strong>Vous servirez cette viande en sauce fine et l\u00e9g\u00e8rement sucr\u00e9e avec des pommes de terre vapeur.<\/p>\n<p><strong>Poids<\/strong> : 800g<br \/>\n<strong>Prix aux 100g<\/strong> : 2.04\u20ac<br \/>\n<strong>Nombre de parts<\/strong> : 4 parts<br \/>\n<strong>Ingr\u00e9dients<\/strong> : confits de canard 56%, pruneaux 10%, bouillon (eau, vin blanc (<strong>sulfites<\/strong>), oignons, carottes, Armagnac, sel, poivre, bouquet garni).<\/p>\n","protected":false},"featured_media":1484,"template":"","meta":{"_et_pb_use_builder":"","_et_pb_old_content":"","_et_gb_content_width":""},"product_brand":[],"product_cat":[24],"product_tag":[],"class_list":{"0":"post-1483","1":"product","2":"type-product","3":"status-publish","4":"has-post-thumbnail","6":"product_cat-plats-cuisines","8":"first","9":"instock","10":"taxable","11":"shipping-taxable","12":"purchasable","13":"product-type-simple"},"_links":{"self":[{"href":"https:\/\/les-saveurs-du-moulin.com\/index.php?rest_route=\/wp\/v2\/product\/1483","targetHints":{"allow":["GET"]}}],"collection":[{"href":"https:\/\/les-saveurs-du-moulin.com\/index.php?rest_route=\/wp\/v2\/product"}],"about":[{"href":"https:\/\/les-saveurs-du-moulin.com\/index.php?rest_route=\/wp\/v2\/types\/product"}],"wp:featuredmedia":[{"embeddable":true,"href":"https:\/\/les-saveurs-du-moulin.com\/index.php?rest_route=\/wp\/v2\/media\/1484"}],"wp:attachment":[{"href":"https:\/\/les-saveurs-du-moulin.com\/index.php?rest_route=%2Fwp%2Fv2%2Fmedia&parent=1483"}],"wp:term":[{"taxonomy":"product_brand","embeddable":true,"href":"https:\/\/les-saveurs-du-moulin.com\/index.php?rest_route=%2Fwp%2Fv2%2Fproduct_brand&post=1483"},{"taxonomy":"product_cat","embeddable":true,"href":"https:\/\/les-saveurs-du-moulin.com\/index.php?rest_route=%2Fwp%2Fv2%2Fproduct_cat&post=1483"},{"taxonomy":"product_tag","embeddable":true,"href":"https:\/\/les-saveurs-du-moulin.com\/index.php?rest_route=%2Fwp%2Fv2%2Fproduct_tag&post=1483"}],"curies":[{"name":"wp","href":"https:\/\/api.w.org\/{rel}","templated":true}]}}