{"id":1206,"date":"2022-06-25T12:07:46","date_gmt":"2022-06-25T10:07:46","guid":{"rendered":"https:\/\/les-saveurs-du-moulin.com\/?post_type=product&#038;p=1206"},"modified":"2026-01-18T16:07:38","modified_gmt":"2026-01-18T15:07:38","slug":"graisse-de-canard-igp-gers-800g","status":"publish","type":"product","link":"https:\/\/les-saveurs-du-moulin.com\/?product=graisse-de-canard-igp-gers-800g","title":{"rendered":"Graisse de canard &#8211; IGP Gers &#8211; 800g"},"content":{"rendered":"<p><strong><span style=\"vertical-align: inherit\"><span style=\"vertical-align: inherit\">Conseils de conservation<\/span><\/span><\/strong><br \/>\n<span style=\"vertical-align: inherit\"><span style=\"vertical-align: inherit\"> DLC (date limite de conservation) : 3 ans <\/span><\/span><br \/>\n<span style=\"vertical-align: inherit\"><span style=\"vertical-align: inherit\">A consommer de pr\u00e9f\u00e9rence avant la date figurant sur la boite. <\/span><\/span><br \/>\n<span style=\"vertical-align: inherit\"><span style=\"vertical-align: inherit\">A conserver dans un endroit frais et sec. <\/span><span style=\"vertical-align: inherit\">Apr\u00e8s ouverture, mettre au r\u00e9frig\u00e9rateur (0\u00b0C et +4\u00b0C) maximum 2 \u00e0 3j.<\/span><\/span><\/p>\n<p><strong><span style=\"vertical-align: inherit\"><span style=\"vertical-align: inherit\">Accompagnements propos\u00e9s<\/span><\/span><\/strong><\/p>\n<p><span style=\"vertical-align: inherit\"><span style=\"vertical-align: inherit\">Vous pouvez l&rsquo;accompagner d&rsquo;un bon verre de vin rouge comme nos C\u00f4tes de Gascogne.<\/span><\/span><\/p>\n<p><strong><span style=\"vertical-align: inherit\"><span style=\"vertical-align: inherit\">Informations compl\u00e9mentaires<\/span><\/span><\/strong><br \/>\n<span style=\"vertical-align: inherit\"><span style=\"vertical-align: inherit\"> Tous nos produits sont \u00e9labor\u00e9s sans colorant ni conservateurs ni additifs. <\/span><\/span><br \/>\n<span style=\"vertical-align: inherit\"><span style=\"vertical-align: inherit\">Nous les confectionnons \u00e0 100% sur notre ferme \u00e0 Sainte M\u00e8re dans le Gers dans l&rsquo;amour de nos traditions gasconnes.<\/span><\/span><\/p>\n","protected":false},"excerpt":{"rendered":"<p><span style=\"vertical-align: inherit\"><span style=\"vertical-align: inherit\">V\u00e9ritable \u00e9lixir de jouvence, on ne vendra jamais assez les bienfaits de la graisse de canard du Gers. <\/span><span style=\"vertical-align: inherit\">Depuis des si\u00e8cles pour la conservation Utilis\u00e9e et la cuisson des aliments sans oublier ses bienfaits pour la sant\u00e9 qui ont, depuis, \u00e9t\u00e9 d\u00e9montr\u00e9s.<\/span><\/span><\/p>\n<p><span style=\"vertical-align: inherit\"><span style=\"vertical-align: inherit\">Notre graisse est vierge et non assaisonn\u00e9e.<\/span><\/span><\/p>\n<p><strong><span style=\"vertical-align: inherit\"><span style=\"vertical-align: inherit\">Comment servir ? <\/span><\/span><br \/>\n<\/strong><span style=\"vertical-align: inherit\"><span style=\"vertical-align: inherit\">Une belle cuill\u00e8re au fond de la sauteuse dans laquelle blondissent de beaux l\u00e9gumes du potager. <\/span><span style=\"vertical-align: inherit\">Elle conf\u00e8re \u00e0 ces plats son go\u00fbt savoureux et embellit la sant\u00e9 des populations du Sud-Ouest.<\/span><\/span><\/p>\n<p><strong><span style=\"vertical-align: inherit\"><span style=\"vertical-align: inherit\">Poids<\/span><\/span><\/strong><span style=\"vertical-align: inherit\"><span style=\"vertical-align: inherit\"> : 800g<br \/>\n<\/span><\/span><span style=\"vertical-align: inherit\"><span style=\"vertical-align: inherit\"><strong><span style=\"vertical-align: inherit\">Prix \u200b\u200baux 100g<\/span><\/strong><span style=\"vertical-align: inherit\"> : 0.60\u20ac<\/span> <\/span><\/span><br \/>\n<strong><span style=\"vertical-align: inherit\"><span style=\"vertical-align: inherit\">Nombre de parts<\/span><\/span><\/strong><span style=\"vertical-align: inherit\"><span style=\"vertical-align: inherit\"> : 8-10 parts <\/span><\/span><br \/>\n<strong><span style=\"vertical-align: inherit\"><span style=\"vertical-align: inherit\">Ingr\u00e9dients<\/span><\/span><\/strong><span style=\"vertical-align: inherit\"><span style=\"vertical-align: inherit\"> : Graisse de canard<\/span><\/span><\/p>\n","protected":false},"featured_media":1207,"template":"","meta":{"_et_pb_use_builder":"","_et_pb_old_content":"","_et_gb_content_width":""},"product_brand":[],"product_cat":[23],"product_tag":[],"class_list":{"0":"post-1206","1":"product","2":"type-product","3":"status-publish","4":"has-post-thumbnail","6":"product_cat-confits","8":"first","9":"outofstock","10":"taxable","11":"shipping-taxable","12":"purchasable","13":"product-type-simple"},"_links":{"self":[{"href":"https:\/\/les-saveurs-du-moulin.com\/index.php?rest_route=\/wp\/v2\/product\/1206","targetHints":{"allow":["GET"]}}],"collection":[{"href":"https:\/\/les-saveurs-du-moulin.com\/index.php?rest_route=\/wp\/v2\/product"}],"about":[{"href":"https:\/\/les-saveurs-du-moulin.com\/index.php?rest_route=\/wp\/v2\/types\/product"}],"wp:featuredmedia":[{"embeddable":true,"href":"https:\/\/les-saveurs-du-moulin.com\/index.php?rest_route=\/wp\/v2\/media\/1207"}],"wp:attachment":[{"href":"https:\/\/les-saveurs-du-moulin.com\/index.php?rest_route=%2Fwp%2Fv2%2Fmedia&parent=1206"}],"wp:term":[{"taxonomy":"product_brand","embeddable":true,"href":"https:\/\/les-saveurs-du-moulin.com\/index.php?rest_route=%2Fwp%2Fv2%2Fproduct_brand&post=1206"},{"taxonomy":"product_cat","embeddable":true,"href":"https:\/\/les-saveurs-du-moulin.com\/index.php?rest_route=%2Fwp%2Fv2%2Fproduct_cat&post=1206"},{"taxonomy":"product_tag","embeddable":true,"href":"https:\/\/les-saveurs-du-moulin.com\/index.php?rest_route=%2Fwp%2Fv2%2Fproduct_tag&post=1206"}],"curies":[{"name":"wp","href":"https:\/\/api.w.org\/{rel}","templated":true}]}}